{"id":100,"date":"2024-03-04T14:00:09","date_gmt":"2024-03-04T14:00:09","guid":{"rendered":"https:\/\/mk2.com.tr\/?page_id=100"},"modified":"2024-03-04T14:00:09","modified_gmt":"2024-03-04T14:00:09","slug":"home","status":"publish","type":"page","link":"https:\/\/mk2.com.tr\/","title":{"rendered":"About"},"content":{"rendered":"\n<p>Welcome to Midas&#8217;\u0131n Kulakl\u0131\u011f\u0131 Audio\/Video Production and Post Production services! We are dedicated to providing high-quality audio\/video production and post production solutions for various industries, including film, television, animation, gaming, podcasts and more, since 2003. With our expertise and state-of-the-art technology, we ensure that your content is polished, professional and ready to captivate your audience.<\/p>\n","protected":false},"excerpt":{"rendered":"<p>Welcome to Midas&#8217;\u0131n Kulakl\u0131\u011f\u0131 Audio\/Video Production and Post Production services! We are dedicated to providing high-quality audio\/video production and post production solutions for various industries, including film, television, animation, gaming, podcasts and more, since 2003. With our expertise and state-of-the-art technology, we ensure that your content is polished, professional and ready to captivate your audience.<\/p>\n","protected":false},"author":1,"featured_media":47,"parent":0,"menu_order":0,"comment_status":"closed","ping_status":"closed","template":"","meta":{"footnotes":""},"class_list":["post-100","page","type-page","status-publish","has-post-thumbnail","hentry"],"_links":{"self":[{"href":"https:\/\/mk2.com.tr\/index.php\/wp-json\/wp\/v2\/pages\/100","targetHints":{"allow":["GET"]}}],"collection":[{"href":"https:\/\/mk2.com.tr\/index.php\/wp-json\/wp\/v2\/pages"}],"about":[{"href":"https:\/\/mk2.com.tr\/index.php\/wp-json\/wp\/v2\/types\/page"}],"author":[{"embeddable":true,"href":"https:\/\/mk2.com.tr\/index.php\/wp-json\/wp\/v2\/users\/1"}],"replies":[{"embeddable":true,"href":"https:\/\/mk2.com.tr\/index.php\/wp-json\/wp\/v2\/comments?post=100"}],"version-history":[{"count":10,"href":"https:\/\/mk2.com.tr\/index.php\/wp-json\/wp\/v2\/pages\/100\/revisions"}],"predecessor-version":[{"id":166,"href":"https:\/\/mk2.com.tr\/index.php\/wp-json\/wp\/v2\/pages\/100\/revisions\/166"}],"wp:featuredmedia":[{"embeddable":true,"href":"https:\/\/mk2.com.tr\/index.php\/wp-json\/wp\/v2\/media\/47"}],"wp:attachment":[{"href":"https:\/\/mk2.com.tr\/index.php\/wp-json\/wp\/v2\/media?parent=100"}],"curies":[{"name":"wp","href":"https:\/\/api.w.org\/{rel}","templated":true}]}}